{"id":9207,"date":"2024-06-24T08:56:29","date_gmt":"2024-06-24T08:56:29","guid":{"rendered":"https:\/\/www.forward.si\/kontakt\/"},"modified":"2026-02-21T22:21:49","modified_gmt":"2026-02-21T22:21:49","slug":"kontakt","status":"publish","type":"page","link":"https:\/\/www.forward.si\/hr\/kontakt\/","title":{"rendered":"Kontakt"},"content":{"rendered":"\t\t<div data-elementor-type=\"wp-page\" data-elementor-id=\"9207\" class=\"elementor elementor-9207 elementor-300\" data-elementor-post-type=\"page\">\n\t\t\t\t<div class=\"elementor-element elementor-element-2a36c80 container-l-r-padding animation-left-right-only e-flex e-con-boxed e-con e-parent\" data-id=\"2a36c80\" data-element_type=\"container\" data-e-type=\"container\">\n\t\t\t\t\t<div class=\"e-con-inner\">\n\t\t\t\t<div class=\"elementor-element elementor-element-49e6554 elementor-absolute elementor-hidden-mobile elementor-widget elementor-widget-image\" data-id=\"49e6554\" data-element_type=\"widget\" data-e-type=\"widget\" data-settings=\"{&quot;_position&quot;:&quot;absolute&quot;}\" data-widget_type=\"image.default\">\n\t\t\t\t<div class=\"elementor-widget-container\">\n\t\t\t\t\t\t\t\t\t\t\t\t\t\t\t<img fetchpriority=\"high\" decoding=\"async\" width=\"459\" height=\"330\" src=\"https:\/\/www.forward.si\/wp-content\/uploads\/background-logo2.svg\" class=\"attachment-large size-large wp-image-9168\" alt=\"\" \/>\t\t\t\t\t\t\t\t\t\t\t\t\t\t\t<\/div>\n\t\t\t\t<\/div>\n\t\t\t\t<div class=\"elementor-element elementor-element-9c112ff elementor-position-inline-start elementor-view-default elementor-widget elementor-widget-icon-box\" data-id=\"9c112ff\" data-element_type=\"widget\" data-e-type=\"widget\" data-widget_type=\"icon-box.default\">\n\t\t\t\t<div class=\"elementor-widget-container\">\n\t\t\t\t\t\t\t<div class=\"elementor-icon-box-wrapper\">\n\n\t\t\t\t\t\t<div class=\"elementor-icon-box-icon\">\n\t\t\t\t<span  class=\"elementor-icon\">\n\t\t\t\t<svg xmlns=\"http:\/\/www.w3.org\/2000\/svg\" width=\"12\" height=\"12\" viewBox=\"0 0 12 12\" fill=\"none\"><path d=\"M12 12.0011V-0.00146484H0L12 12.0011Z\" fill=\"#0055F9\"><\/path><\/svg>\t\t\t\t<\/span>\n\t\t\t<\/div>\n\t\t\t\n\t\t\t\t\t\t<div class=\"elementor-icon-box-content\">\n\n\t\t\t\t\t\t\t\t\t<h1 class=\"elementor-icon-box-title\">\n\t\t\t\t\t\t<span  >\n\t\t\t\t\t\t\t<b>Op\u0107i kontakt<\/b>\t\t\t\t\t\t<\/span>\n\t\t\t\t\t<\/h1>\n\t\t\t\t\n\t\t\t\t\n\t\t\t<\/div>\n\t\t\t\n\t\t<\/div>\n\t\t\t\t\t\t<\/div>\n\t\t\t\t<\/div>\n\t\t\t\t<div class=\"elementor-element elementor-element-7898f75 elementor-widget elementor-widget-heading\" data-id=\"7898f75\" data-element_type=\"widget\" data-e-type=\"widget\" data-widget_type=\"heading.default\">\n\t\t\t\t<div class=\"elementor-widget-container\">\n\t\t\t\t\t<h2 class=\"elementor-heading-title elementor-size-default\">Kontakt<\/h2>\t\t\t\t<\/div>\n\t\t\t\t<\/div>\n\t\t\t\t\t<\/div>\n\t\t\t\t<\/div>\n\t\t<div class=\"elementor-element elementor-element-40f28b8 e-grid container-l-r-padding e-con-boxed e-con e-parent\" data-id=\"40f28b8\" data-element_type=\"container\" data-e-type=\"container\">\n\t\t\t\t\t<div class=\"e-con-inner\">\n\t\t\t\t<div class=\"elementor-element elementor-element-c62b882 elementor-button-align-start arrow-animation an-form elementor-widget elementor-widget-form\" data-id=\"c62b882\" data-element_type=\"widget\" data-e-type=\"widget\" data-settings=\"{&quot;step_next_label&quot;:&quot;Next&quot;,&quot;step_previous_label&quot;:&quot;Previous&quot;,&quot;button_width&quot;:&quot;100&quot;,&quot;step_type&quot;:&quot;number_text&quot;,&quot;step_icon_shape&quot;:&quot;circle&quot;}\" data-widget_type=\"form.default\">\n\t\t\t\t<div class=\"elementor-widget-container\">\n\t\t\t\t\t\t\t<form class=\"elementor-form\" method=\"post\" name=\"Kontakt Form\" aria-label=\"Kontakt Form\">\n\t\t\t<input type=\"hidden\" name=\"post_id\" value=\"9207\"\/>\n\t\t\t<input type=\"hidden\" name=\"form_id\" value=\"c62b882\"\/>\n\t\t\t<input type=\"hidden\" name=\"referer_title\" value=\"Kontakt - Forward Agencija\" \/>\n\n\t\t\t\t\t\t\t<input type=\"hidden\" name=\"queried_id\" value=\"9207\"\/>\n\t\t\t\n\t\t\t<div class=\"elementor-form-fields-wrapper elementor-labels-\">\n\t\t\t\t\t\t\t\t<div class=\"elementor-field-type-text elementor-field-group elementor-column elementor-field-group-name elementor-col-33 elementor-field-required\">\n\t\t\t\t\t\t\t\t\t\t\t\t<label for=\"form-field-name\" class=\"elementor-field-label elementor-screen-only\">\n\t\t\t\t\t\t\t\tIme\t\t\t\t\t\t\t<\/label>\n\t\t\t\t\t\t\t\t\t\t\t\t\t\t<input size=\"1\" type=\"text\" name=\"form_fields[name]\" id=\"form-field-name\" class=\"elementor-field elementor-size-md  elementor-field-textual\" placeholder=\"Ime*\" required=\"required\">\n\t\t\t\t\t\t\t\t\t\t\t<\/div>\n\t\t\t\t\t\t\t\t<div class=\"elementor-field-type-text\">\n\t\t\t\t\t<input size=\"1\" type=\"text\" name=\"form_fields[field_5a3e9cf]\" id=\"form-field-field_5a3e9cf\" class=\"elementor-field elementor-size-md \" style=\"display:none !important;\">\t\t\t\t<\/div>\n\t\t\t\t\t\t\t\t<div class=\"elementor-field-type-email elementor-field-group elementor-column elementor-field-group-email elementor-col-33 elementor-field-required\">\n\t\t\t\t\t\t\t\t\t\t\t\t<label for=\"form-field-email\" class=\"elementor-field-label elementor-screen-only\">\n\t\t\t\t\t\t\t\tEmail\t\t\t\t\t\t\t<\/label>\n\t\t\t\t\t\t\t\t\t\t\t\t\t\t<input size=\"1\" type=\"email\" name=\"form_fields[email]\" id=\"form-field-email\" class=\"elementor-field elementor-size-md  elementor-field-textual\" placeholder=\"EMAIL*\" required=\"required\">\n\t\t\t\t\t\t\t\t\t\t\t<\/div>\n\t\t\t\t\t\t\t\t<div class=\"elementor-field-type-tel elementor-field-group elementor-column elementor-field-group-tel elementor-col-33\">\n\t\t\t\t\t\t\t\t\t\t\t\t<label for=\"form-field-tel\" class=\"elementor-field-label elementor-screen-only\">\n\t\t\t\t\t\t\t\tTelefonski broj\t\t\t\t\t\t\t<\/label>\n\t\t\t\t\t\t\t\t<input size=\"1\" type=\"tel\" name=\"form_fields[tel]\" id=\"form-field-tel\" class=\"elementor-field elementor-size-md  elementor-field-textual\" placeholder=\"Telefonski broj\" pattern=\"[0-9()#&amp;+*-=.]+\" title=\"Only numbers and phone characters (#, -, *, etc) are accepted.\">\n\n\t\t\t\t\t\t<\/div>\n\t\t\t\t\t\t\t\t<div class=\"elementor-field-type-text\">\n\t\t\t\t\t<input size=\"1\" type=\"text\" name=\"form_fields[field_555cc32]\" id=\"form-field-field_555cc32\" class=\"elementor-field elementor-size-md \" style=\"display:none !important;\">\t\t\t\t<\/div>\n\t\t\t\t\t\t\t\t<div class=\"elementor-field-type-text\">\n\t\t\t\t\t<input size=\"1\" type=\"text\" name=\"form_fields[field_c472179]\" id=\"form-field-field_c472179\" class=\"elementor-field elementor-size-md \" style=\"display:none !important;\">\t\t\t\t<\/div>\n\t\t\t\t\t\t\t\t<div class=\"elementor-field-type-textarea elementor-field-group elementor-column elementor-field-group-text elementor-col-100 elementor-field-required\">\n\t\t\t\t\t\t\t\t\t\t\t\t<label for=\"form-field-text\" class=\"elementor-field-label elementor-screen-only\">\n\t\t\t\t\t\t\t\tPoruka\t\t\t\t\t\t\t<\/label>\n\t\t\t\t\t\t<textarea class=\"elementor-field-textual elementor-field  elementor-size-md\" name=\"form_fields[text]\" id=\"form-field-text\" rows=\"7\" placeholder=\"Poruka*\" required=\"required\"><\/textarea>\t\t\t\t<\/div>\n\t\t\t\t\t\t\t\t<div class=\"elementor-field-type-recaptcha_v3 elementor-field-group elementor-column elementor-field-group-field_1ed5311 elementor-col-100 recaptcha_v3-bottomright\">\n\t\t\t\t\t<div class=\"elementor-field\" id=\"form-field-field_1ed5311\"><div class=\"elementor-g-recaptcha\" data-sitekey=\"6LfalfkZAAAAAHnazBcd408jjvcmFrgRwCM5f8pj\" data-type=\"v3\" data-action=\"Form\" data-badge=\"bottomright\" data-size=\"invisible\"><\/div><\/div>\t\t\t\t<\/div>\n\t\t\t\t\t\t\t\t<div class=\"elementor-field-group elementor-column elementor-field-type-submit elementor-col-100 e-form__buttons\">\n\t\t\t\t\t<button class=\"elementor-button elementor-size-sm\" type=\"submit\" id=\"btn-transparent dark-blue\">\n\t\t\t\t\t\t<span class=\"elementor-button-content-wrapper\">\n\t\t\t\t\t\t\t\t\t\t\t\t\t\t\t\t\t\t\t\t\t\t<span class=\"elementor-button-text\">Po\u0161alji poruku<\/span>\n\t\t\t\t\t\t\t\t\t\t\t\t\t<\/span>\n\t\t\t\t\t<\/button>\n\t\t\t\t<\/div>\n\t\t\t<\/div>\n\t\t<\/form>\n\t\t\t\t\t\t<\/div>\n\t\t\t\t<\/div>\n\t\t<div class=\"elementor-element elementor-element-35c944c e-con-full e-grid e-con e-child\" data-id=\"35c944c\" data-element_type=\"container\" data-e-type=\"container\">\n\t\t<div class=\"elementor-element elementor-element-611f28a e-con-full e-flex e-con e-child\" data-id=\"611f28a\" data-element_type=\"container\" data-e-type=\"container\">\n\t\t\t\t<div class=\"elementor-element elementor-element-b349ac4 elementor-widget elementor-widget-heading\" data-id=\"b349ac4\" data-element_type=\"widget\" data-e-type=\"widget\" data-widget_type=\"heading.default\">\n\t\t\t\t<div class=\"elementor-widget-container\">\n\t\t\t\t\t<p class=\"elementor-heading-title elementor-size-default\"><a href=\"mailto:Info@forward.si\"><span>UPIT<\/span><br>Info@forward.si<\/a><\/p>\t\t\t\t<\/div>\n\t\t\t\t<\/div>\n\t\t\t\t<div class=\"elementor-element elementor-element-c708369 elementor-hidden-desktop elementor-hidden-laptop elementor-hidden-tablet elementor-hidden-mobile elementor-widget elementor-widget-heading\" data-id=\"c708369\" data-element_type=\"widget\" data-e-type=\"widget\" data-widget_type=\"heading.default\">\n\t\t\t\t<div class=\"elementor-widget-container\">\n\t\t\t\t\t<p class=\"elementor-heading-title elementor-size-default\"><a href=\"mailto:zaposlitev@forward.si\"><span>Otvorena radna mjesta<\/span><br>zaposlitev@forward.si<\/a><\/p>\t\t\t\t<\/div>\n\t\t\t\t<\/div>\n\t\t\t\t<\/div>\n\t\t\t\t<\/div>\n\t\t\t\t\t<\/div>\n\t\t\t\t<\/div>\n\t\t<div class=\"elementor-element elementor-element-0923a01 container-l-r-padding e-flex e-con-boxed e-con e-parent\" data-id=\"0923a01\" data-element_type=\"container\" data-e-type=\"container\">\n\t\t\t\t\t<div class=\"e-con-inner\">\n\t\t\t\t<div class=\"elementor-element elementor-element-0651fac elementor-position-inline-start elementor-view-default elementor-widget elementor-widget-icon-box\" data-id=\"0651fac\" data-element_type=\"widget\" data-e-type=\"widget\" data-widget_type=\"icon-box.default\">\n\t\t\t\t<div class=\"elementor-widget-container\">\n\t\t\t\t\t\t\t<div class=\"elementor-icon-box-wrapper\">\n\n\t\t\t\t\t\t<div class=\"elementor-icon-box-icon\">\n\t\t\t\t<span  class=\"elementor-icon\">\n\t\t\t\t<svg xmlns=\"http:\/\/www.w3.org\/2000\/svg\" width=\"12\" height=\"12\" viewBox=\"0 0 12 12\" fill=\"none\"><path d=\"M12 12.0011V-0.00146484H0L12 12.0011Z\" fill=\"#0055F9\"><\/path><\/svg>\t\t\t\t<\/span>\n\t\t\t<\/div>\n\t\t\t\n\t\t\t\t\t\t<div class=\"elementor-icon-box-content\">\n\n\t\t\t\t\t\t\t\t\t<h3 class=\"elementor-icon-box-title\">\n\t\t\t\t\t\t<span  >\n\t\t\t\t\t\t\t<b>Informacije o poduze\u0107u<\/b>\t\t\t\t\t\t<\/span>\n\t\t\t\t\t<\/h3>\n\t\t\t\t\n\t\t\t\t\n\t\t\t<\/div>\n\t\t\t\n\t\t<\/div>\n\t\t\t\t\t\t<\/div>\n\t\t\t\t<\/div>\n\t\t\t\t<div class=\"elementor-element elementor-element-35dfc48 elementor-widget elementor-widget-heading\" data-id=\"35dfc48\" data-element_type=\"widget\" data-e-type=\"widget\" data-widget_type=\"heading.default\">\n\t\t\t\t<div class=\"elementor-widget-container\">\n\t\t\t\t\t<h4 class=\"elementor-heading-title elementor-size-default\">Gdje se <b>nalazimo<\/b><\/h4>\t\t\t\t<\/div>\n\t\t\t\t<\/div>\n\t\t<div class=\"elementor-element elementor-element-fd33cc5 e-grid e-con-full e-con e-child\" data-id=\"fd33cc5\" data-element_type=\"container\" data-e-type=\"container\">\n\t\t\t\t<div class=\"elementor-element elementor-element-495e48f elementor-widget elementor-widget-google_maps\" data-id=\"495e48f\" data-element_type=\"widget\" data-e-type=\"widget\" data-widget_type=\"google_maps.default\">\n\t\t\t\t<div class=\"elementor-widget-container\">\n\t\t\t\t\t\t\t<div class=\"elementor-custom-embed\">\n\t\t\t<iframe loading=\"lazy\"\n\t\t\t\t\tsrc=\"https:\/\/www.google.com\/maps\/embed\/v1\/place?key=AIzaSyANjDTbjVknuBtZBBgLPi7J45hafSqlQvA&#038;q=Tehnolo%C5%A1ki%20park%2021%2C%201000%20Ljubljana%E2%80%8B&#038;zoom=13\"\n\t\t\t\t\ttitle=\"Tehnolo\u0161ki park 21, 1000 Ljubljana\u200b\"\n\t\t\t\t\taria-label=\"Tehnolo\u0161ki park 21, 1000 Ljubljana\u200b\"\n\t\t\t><\/iframe>\n\t\t<\/div>\n\t\t\t\t\t\t<\/div>\n\t\t\t\t<\/div>\n\t\t<div class=\"elementor-element elementor-element-9597e9b e-con-full e-flex e-con e-child\" data-id=\"9597e9b\" data-element_type=\"container\" data-e-type=\"container\">\n\t\t\t\t<div class=\"elementor-element elementor-element-ae79c52 elementor-widget elementor-widget-heading\" data-id=\"ae79c52\" data-element_type=\"widget\" data-e-type=\"widget\" data-widget_type=\"heading.default\">\n\t\t\t\t<div class=\"elementor-widget-container\">\n\t\t\t\t\t<p class=\"elementor-heading-title elementor-size-default\"><span>PODUZE\u0106E<\/span><br>Forward, agencija za digitalni marketing, d.o.o.<\/p>\t\t\t\t<\/div>\n\t\t\t\t<\/div>\n\t\t\t\t<div class=\"elementor-element elementor-element-f1dbdac elementor-widget elementor-widget-heading\" data-id=\"f1dbdac\" data-element_type=\"widget\" data-e-type=\"widget\" data-widget_type=\"heading.default\">\n\t\t\t\t<div class=\"elementor-widget-container\">\n\t\t\t\t\t<p class=\"elementor-heading-title elementor-size-default\"><span>SJEDI\u0160TE<\/span><br>Tehnolo\u0161ki park 21, 1000 Ljubljana\u200b<\/p>\t\t\t\t<\/div>\n\t\t\t\t<\/div>\n\t\t\t\t<div class=\"elementor-element elementor-element-5344b9a elementor-widget elementor-widget-heading\" data-id=\"5344b9a\" data-element_type=\"widget\" data-e-type=\"widget\" data-widget_type=\"heading.default\">\n\t\t\t\t<div class=\"elementor-widget-container\">\n\t\t\t\t\t<p class=\"elementor-heading-title elementor-size-default\"><span>DIREKTOR<\/span><br>Jaka Vukovi\u010d<\/p>\t\t\t\t<\/div>\n\t\t\t\t<\/div>\n\t\t\t\t<div class=\"elementor-element elementor-element-18f60ab elementor-widget elementor-widget-heading\" data-id=\"18f60ab\" data-element_type=\"widget\" data-e-type=\"widget\" data-widget_type=\"heading.default\">\n\t\t\t\t<div class=\"elementor-widget-container\">\n\t\t\t\t\t<p class=\"elementor-heading-title elementor-size-default\"><span>MATI\u010cNI BROJ<\/span><br>2263343000<\/p>\t\t\t\t<\/div>\n\t\t\t\t<\/div>\n\t\t\t\t<div class=\"elementor-element elementor-element-98be4a8 elementor-widget elementor-widget-heading\" data-id=\"98be4a8\" data-element_type=\"widget\" data-e-type=\"widget\" data-widget_type=\"heading.default\">\n\t\t\t\t<div class=\"elementor-widget-container\">\n\t\t\t\t\t<p class=\"elementor-heading-title elementor-size-default\"><span>PDV ID BROJ<\/span><br>SI92357512<\/p>\t\t\t\t<\/div>\n\t\t\t\t<\/div>\n\t\t\t\t<div class=\"elementor-element elementor-element-08c7692 elementor-widget elementor-widget-heading\" data-id=\"08c7692\" data-element_type=\"widget\" data-e-type=\"widget\" data-widget_type=\"heading.default\">\n\t\t\t\t<div class=\"elementor-widget-container\">\n\t\t\t\t\t<p class=\"elementor-heading-title elementor-size-default\"><span>IBAN<\/span><br>SI56 0313 8100 0524 235, otvoren kod SKB banke<\/p>\t\t\t\t<\/div>\n\t\t\t\t<\/div>\n\t\t\t\t<\/div>\n\t\t\t\t<\/div>\n\t\t\t\t\t<\/div>\n\t\t\t\t<\/div>\n\t\t\t\t<\/div>\n\t\t","protected":false},"excerpt":{"rendered":"<p>Op\u0107i kontakt Kontakt UPITInfo@forward.si Otvorena radna mjestazaposlitev@forward.si Informacije o poduze\u0107u Gdje se nalazimo PODUZE\u0106EForward, agencija za digitalni marketing, d.o.o. SJEDI\u0160TETehnolo\u0161ki park 21, 1000 Ljubljana\u200b DIREKTORJaka Vukovi\u010d MATI\u010cNI BROJ2263343000 PDV ID BROJSI92357512 IBANSI56 0313 8100 0524 235, otvoren kod SKB banke<\/p>\n","protected":false},"author":1,"featured_media":0,"parent":0,"menu_order":0,"comment_status":"closed","ping_status":"closed","template":"","meta":{"footnotes":""},"class_list":["post-9207","page","type-page","status-publish","hentry"],"yoast_head":"<!-- This site is optimized with the Yoast SEO plugin v27.4 - https:\/\/yoast.com\/product\/yoast-seo-wordpress\/ -->\n<title>Kontakt - Forward Agencija<\/title>\n<meta name=\"description\" content=\"Forward je tim predanih profesionalaca s \u0161irokim spektrom stru\u010dnosti u svim podru\u010djima digitalnog marketinga. Kontaktirajte nas.\" \/>\n<meta name=\"robots\" content=\"index, follow, max-snippet:-1, max-image-preview:large, max-video-preview:-1\" \/>\n<link rel=\"canonical\" href=\"https:\/\/www.forward.si\/hr\/kontakt\/\" \/>\n<meta property=\"og:locale\" content=\"hr_HR\" \/>\n<meta property=\"og:type\" content=\"article\" \/>\n<meta property=\"og:title\" content=\"Kontakt - Forward Agencija\" \/>\n<meta property=\"og:description\" content=\"Forward je tim predanih profesionalaca s \u0161irokim spektrom stru\u010dnosti u svim podru\u010djima digitalnog marketinga. Kontaktirajte nas.\" \/>\n<meta property=\"og:url\" content=\"https:\/\/www.forward.si\/hr\/kontakt\/\" \/>\n<meta property=\"og:site_name\" content=\"Forward\" \/>\n<meta property=\"article:publisher\" content=\"https:\/\/www.facebook.com\/ForwardSi\" \/>\n<meta property=\"article:modified_time\" content=\"2026-02-21T22:21:49+00:00\" \/>\n<meta property=\"og:image\" content=\"https:\/\/www.forward.si\/wp-content\/uploads\/forward-digitaliziramo-turizem-new.jpg\" \/>\n\t<meta property=\"og:image:width\" content=\"1200\" \/>\n\t<meta property=\"og:image:height\" content=\"628\" \/>\n\t<meta property=\"og:image:type\" content=\"image\/jpeg\" \/>\n<meta name=\"twitter:card\" content=\"summary_large_image\" \/>\n<script type=\"application\/ld+json\" class=\"yoast-schema-graph\">{\"@context\":\"https:\\\/\\\/schema.org\",\"@graph\":[{\"@type\":\"WebPage\",\"@id\":\"https:\\\/\\\/www.forward.si\\\/hr\\\/kontakt\\\/\",\"url\":\"https:\\\/\\\/www.forward.si\\\/hr\\\/kontakt\\\/\",\"name\":\"Kontakt - Forward Agencija\",\"isPartOf\":{\"@id\":\"https:\\\/\\\/www.forward.si\\\/hr\\\/#website\"},\"primaryImageOfPage\":{\"@id\":\"https:\\\/\\\/www.forward.si\\\/hr\\\/kontakt\\\/#primaryimage\"},\"image\":{\"@id\":\"https:\\\/\\\/www.forward.si\\\/hr\\\/kontakt\\\/#primaryimage\"},\"thumbnailUrl\":\"https:\\\/\\\/www.forward.si\\\/wp-content\\\/uploads\\\/background-logo2.svg\",\"datePublished\":\"2024-06-24T08:56:29+00:00\",\"dateModified\":\"2026-02-21T22:21:49+00:00\",\"description\":\"Forward je tim predanih profesionalaca s \u0161irokim spektrom stru\u010dnosti u svim podru\u010djima digitalnog marketinga. Kontaktirajte nas.\",\"breadcrumb\":{\"@id\":\"https:\\\/\\\/www.forward.si\\\/hr\\\/kontakt\\\/#breadcrumb\"},\"inLanguage\":\"hr\",\"potentialAction\":[{\"@type\":\"ReadAction\",\"target\":[\"https:\\\/\\\/www.forward.si\\\/hr\\\/kontakt\\\/\"]}]},{\"@type\":\"ImageObject\",\"inLanguage\":\"hr\",\"@id\":\"https:\\\/\\\/www.forward.si\\\/hr\\\/kontakt\\\/#primaryimage\",\"url\":\"https:\\\/\\\/www.forward.si\\\/wp-content\\\/uploads\\\/background-logo2.svg\",\"contentUrl\":\"https:\\\/\\\/www.forward.si\\\/wp-content\\\/uploads\\\/background-logo2.svg\"},{\"@type\":\"BreadcrumbList\",\"@id\":\"https:\\\/\\\/www.forward.si\\\/hr\\\/kontakt\\\/#breadcrumb\",\"itemListElement\":[{\"@type\":\"ListItem\",\"position\":1,\"name\":\"Home\",\"item\":\"https:\\\/\\\/www.forward.si\\\/hr\\\/domov-hr\\\/\"},{\"@type\":\"ListItem\",\"position\":2,\"name\":\"Kontakt\"}]},{\"@type\":\"WebSite\",\"@id\":\"https:\\\/\\\/www.forward.si\\\/hr\\\/#website\",\"url\":\"https:\\\/\\\/www.forward.si\\\/hr\\\/\",\"name\":\"Forward\",\"description\":\"Digitaliziramo turizem\",\"publisher\":{\"@id\":\"https:\\\/\\\/www.forward.si\\\/hr\\\/#organization\"},\"potentialAction\":[{\"@type\":\"SearchAction\",\"target\":{\"@type\":\"EntryPoint\",\"urlTemplate\":\"https:\\\/\\\/www.forward.si\\\/hr\\\/?s={search_term_string}\"},\"query-input\":{\"@type\":\"PropertyValueSpecification\",\"valueRequired\":true,\"valueName\":\"search_term_string\"}}],\"inLanguage\":\"hr\"},{\"@type\":\"Organization\",\"@id\":\"https:\\\/\\\/www.forward.si\\\/hr\\\/#organization\",\"name\":\"Forward d.o.o.\",\"alternateName\":\"Forward d.o.o.\",\"url\":\"https:\\\/\\\/www.forward.si\\\/hr\\\/\",\"logo\":{\"@type\":\"ImageObject\",\"inLanguage\":\"hr\",\"@id\":\"https:\\\/\\\/www.forward.si\\\/hr\\\/#\\\/schema\\\/logo\\\/image\\\/\",\"url\":\"https:\\\/\\\/www.forward.si\\\/wp-content\\\/uploads\\\/cropped-Forward-favicon-512-min.png\",\"contentUrl\":\"https:\\\/\\\/www.forward.si\\\/wp-content\\\/uploads\\\/cropped-Forward-favicon-512-min.png\",\"width\":512,\"height\":512,\"caption\":\"Forward d.o.o.\"},\"image\":{\"@id\":\"https:\\\/\\\/www.forward.si\\\/hr\\\/#\\\/schema\\\/logo\\\/image\\\/\"},\"sameAs\":[\"https:\\\/\\\/www.facebook.com\\\/ForwardSi\",\"https:\\\/\\\/www.instagram.com\\\/forward.si\\\/\",\"https:\\\/\\\/www.tiktok.com\\\/@forward.si\",\"https:\\\/\\\/www.linkedin.com\\\/company\\\/9208570\\\/\"]}]}<\/script>\n<!-- \/ Yoast SEO plugin. -->","yoast_head_json":{"title":"Kontakt - Forward Agencija","description":"Forward je tim predanih profesionalaca s \u0161irokim spektrom stru\u010dnosti u svim podru\u010djima digitalnog marketinga. Kontaktirajte nas.","robots":{"index":"index","follow":"follow","max-snippet":"max-snippet:-1","max-image-preview":"max-image-preview:large","max-video-preview":"max-video-preview:-1"},"canonical":"https:\/\/www.forward.si\/hr\/kontakt\/","og_locale":"hr_HR","og_type":"article","og_title":"Kontakt - Forward Agencija","og_description":"Forward je tim predanih profesionalaca s \u0161irokim spektrom stru\u010dnosti u svim podru\u010djima digitalnog marketinga. Kontaktirajte nas.","og_url":"https:\/\/www.forward.si\/hr\/kontakt\/","og_site_name":"Forward","article_publisher":"https:\/\/www.facebook.com\/ForwardSi","article_modified_time":"2026-02-21T22:21:49+00:00","og_image":[{"width":1200,"height":628,"url":"https:\/\/www.forward.si\/wp-content\/uploads\/forward-digitaliziramo-turizem-new.jpg","type":"image\/jpeg"}],"twitter_card":"summary_large_image","schema":{"@context":"https:\/\/schema.org","@graph":[{"@type":"WebPage","@id":"https:\/\/www.forward.si\/hr\/kontakt\/","url":"https:\/\/www.forward.si\/hr\/kontakt\/","name":"Kontakt - Forward Agencija","isPartOf":{"@id":"https:\/\/www.forward.si\/hr\/#website"},"primaryImageOfPage":{"@id":"https:\/\/www.forward.si\/hr\/kontakt\/#primaryimage"},"image":{"@id":"https:\/\/www.forward.si\/hr\/kontakt\/#primaryimage"},"thumbnailUrl":"https:\/\/www.forward.si\/wp-content\/uploads\/background-logo2.svg","datePublished":"2024-06-24T08:56:29+00:00","dateModified":"2026-02-21T22:21:49+00:00","description":"Forward je tim predanih profesionalaca s \u0161irokim spektrom stru\u010dnosti u svim podru\u010djima digitalnog marketinga. Kontaktirajte nas.","breadcrumb":{"@id":"https:\/\/www.forward.si\/hr\/kontakt\/#breadcrumb"},"inLanguage":"hr","potentialAction":[{"@type":"ReadAction","target":["https:\/\/www.forward.si\/hr\/kontakt\/"]}]},{"@type":"ImageObject","inLanguage":"hr","@id":"https:\/\/www.forward.si\/hr\/kontakt\/#primaryimage","url":"https:\/\/www.forward.si\/wp-content\/uploads\/background-logo2.svg","contentUrl":"https:\/\/www.forward.si\/wp-content\/uploads\/background-logo2.svg"},{"@type":"BreadcrumbList","@id":"https:\/\/www.forward.si\/hr\/kontakt\/#breadcrumb","itemListElement":[{"@type":"ListItem","position":1,"name":"Home","item":"https:\/\/www.forward.si\/hr\/domov-hr\/"},{"@type":"ListItem","position":2,"name":"Kontakt"}]},{"@type":"WebSite","@id":"https:\/\/www.forward.si\/hr\/#website","url":"https:\/\/www.forward.si\/hr\/","name":"Forward","description":"Digitaliziramo turizem","publisher":{"@id":"https:\/\/www.forward.si\/hr\/#organization"},"potentialAction":[{"@type":"SearchAction","target":{"@type":"EntryPoint","urlTemplate":"https:\/\/www.forward.si\/hr\/?s={search_term_string}"},"query-input":{"@type":"PropertyValueSpecification","valueRequired":true,"valueName":"search_term_string"}}],"inLanguage":"hr"},{"@type":"Organization","@id":"https:\/\/www.forward.si\/hr\/#organization","name":"Forward d.o.o.","alternateName":"Forward d.o.o.","url":"https:\/\/www.forward.si\/hr\/","logo":{"@type":"ImageObject","inLanguage":"hr","@id":"https:\/\/www.forward.si\/hr\/#\/schema\/logo\/image\/","url":"https:\/\/www.forward.si\/wp-content\/uploads\/cropped-Forward-favicon-512-min.png","contentUrl":"https:\/\/www.forward.si\/wp-content\/uploads\/cropped-Forward-favicon-512-min.png","width":512,"height":512,"caption":"Forward d.o.o."},"image":{"@id":"https:\/\/www.forward.si\/hr\/#\/schema\/logo\/image\/"},"sameAs":["https:\/\/www.facebook.com\/ForwardSi","https:\/\/www.instagram.com\/forward.si\/","https:\/\/www.tiktok.com\/@forward.si","https:\/\/www.linkedin.com\/company\/9208570\/"]}]}},"_links":{"self":[{"href":"https:\/\/www.forward.si\/hr\/wp-json\/wp\/v2\/pages\/9207","targetHints":{"allow":["GET"]}}],"collection":[{"href":"https:\/\/www.forward.si\/hr\/wp-json\/wp\/v2\/pages"}],"about":[{"href":"https:\/\/www.forward.si\/hr\/wp-json\/wp\/v2\/types\/page"}],"author":[{"embeddable":true,"href":"https:\/\/www.forward.si\/hr\/wp-json\/wp\/v2\/users\/1"}],"replies":[{"embeddable":true,"href":"https:\/\/www.forward.si\/hr\/wp-json\/wp\/v2\/comments?post=9207"}],"version-history":[{"count":3,"href":"https:\/\/www.forward.si\/hr\/wp-json\/wp\/v2\/pages\/9207\/revisions"}],"predecessor-version":[{"id":9210,"href":"https:\/\/www.forward.si\/hr\/wp-json\/wp\/v2\/pages\/9207\/revisions\/9210"}],"wp:attachment":[{"href":"https:\/\/www.forward.si\/hr\/wp-json\/wp\/v2\/media?parent=9207"}],"curies":[{"name":"wp","href":"https:\/\/api.w.org\/{rel}","templated":true}]}}