{"id":9225,"date":"2025-01-05T23:52:44","date_gmt":"2025-01-05T23:52:44","guid":{"rendered":"https:\/\/www.forward.si\/zapocnite-projekt\/"},"modified":"2026-02-22T18:32:48","modified_gmt":"2026-02-22T18:32:48","slug":"zapocnite-projekt","status":"publish","type":"page","link":"https:\/\/www.forward.si\/hr\/zapocnite-projekt\/","title":{"rendered":"Zapo\u010dnite projekt"},"content":{"rendered":"\t\t<div data-elementor-type=\"wp-page\" data-elementor-id=\"9225\" class=\"elementor elementor-9225 elementor-2769\" data-elementor-post-type=\"page\">\n\t\t\t\t<div class=\"elementor-element elementor-element-8b427d9 container-l-r-padding e-flex e-con-boxed e-con e-parent\" data-id=\"8b427d9\" data-element_type=\"container\" data-e-type=\"container\" data-settings=\"{&quot;background_background&quot;:&quot;classic&quot;}\">\n\t\t\t\t\t<div class=\"e-con-inner\">\n\t\t\t\t<div class=\"elementor-element elementor-element-7fbcf29 elementor-position-inline-start elementor-view-default elementor-invisible elementor-widget elementor-widget-icon-box\" data-id=\"7fbcf29\" data-element_type=\"widget\" data-e-type=\"widget\" data-settings=\"{&quot;_animation&quot;:&quot;fadeInUp&quot;,&quot;_animation_delay&quot;:800}\" data-widget_type=\"icon-box.default\">\n\t\t\t\t<div class=\"elementor-widget-container\">\n\t\t\t\t\t\t\t<div class=\"elementor-icon-box-wrapper\">\n\n\t\t\t\t\t\t<div class=\"elementor-icon-box-icon\">\n\t\t\t\t<span  class=\"elementor-icon\">\n\t\t\t\t<svg xmlns=\"http:\/\/www.w3.org\/2000\/svg\" width=\"12\" height=\"12\" viewBox=\"0 0 12 12\" fill=\"none\"><path d=\"M12 12.0011V-0.00146484H0L12 12.0011Z\" fill=\"#0055F9\"><\/path><\/svg>\t\t\t\t<\/span>\n\t\t\t<\/div>\n\t\t\t\n\t\t\t\t\t\t<div class=\"elementor-icon-box-content\">\n\n\t\t\t\t\t\t\t\t\t<h1 class=\"elementor-icon-box-title\">\n\t\t\t\t\t\t<span  >\n\t\t\t\t\t\t\t<b>Zapo\u010dnite projekt<\/b>\t\t\t\t\t\t<\/span>\n\t\t\t\t\t<\/h1>\n\t\t\t\t\n\t\t\t\t\n\t\t\t<\/div>\n\t\t\t\n\t\t<\/div>\n\t\t\t\t\t\t<\/div>\n\t\t\t\t<\/div>\n\t\t\t\t<div class=\"elementor-element elementor-element-bf8fe2d elementor-button-align-start arrow-animation arrow-black an-form elementor-invisible elementor-widget elementor-widget-form\" data-id=\"bf8fe2d\" data-element_type=\"widget\" data-e-type=\"widget\" data-settings=\"{&quot;step_next_label&quot;:&quot;Sljede\\u0107i korak&quot;,&quot;step_previous_label&quot;:&quot;Korak natrag&quot;,&quot;step_type&quot;:&quot;text&quot;,&quot;_animation&quot;:&quot;fadeInUp&quot;,&quot;_animation_delay&quot;:300,&quot;button_width&quot;:&quot;100&quot;}\" data-widget_type=\"form.default\">\n\t\t\t\t<div class=\"elementor-widget-container\">\n\t\t\t\t\t\t\t<form class=\"elementor-form\" method=\"post\" name=\"Zacnite projekt Form\" aria-label=\"Zacnite projekt Form\">\n\t\t\t<input type=\"hidden\" name=\"post_id\" value=\"9225\"\/>\n\t\t\t<input type=\"hidden\" name=\"form_id\" value=\"bf8fe2d\"\/>\n\t\t\t<input type=\"hidden\" name=\"referer_title\" value=\"Zapo\u010dnite projekt - Forward Agencija\" \/>\n\n\t\t\t\t\t\t\t<input type=\"hidden\" name=\"queried_id\" value=\"9225\"\/>\n\t\t\t\n\t\t\t<div class=\"elementor-form-fields-wrapper elementor-labels-above\">\n\t\t\t\t\t\t\t\t<div class=\"elementor-field-type-step elementor-field-group elementor-column elementor-field-group-field_b42b9e9 elementor-col-100\">\n\t\t\t\t\t\t\t<div class=\"e-field-step elementor-hidden\" data-label=\"Korak 1\/4\" data-previousButton=\"\" data-nextButton=\"\" data-iconUrl=\"\" data-iconLibrary=\"\" data-icon=\"\" ><\/div>\n\n\t\t\t\t\t\t<\/div>\n\t\t\t\t\t\t\t\t<div class=\"elementor-field-type-hidden elementor-field-group elementor-column elementor-field-group-service elementor-col-100\">\n\t\t\t\t\t\t\t\t\t\t\t\t\t<input size=\"1\" type=\"hidden\" name=\"form_fields[service]\" id=\"form-field-service\" class=\"elementor-field elementor-size-sm  elementor-field-textual\">\n\t\t\t\t\t\t\t\t\t\t\t<\/div>\n\t\t\t\t\t\t\t\t<div class=\"elementor-field-type-checkbox elementor-field-group elementor-column elementor-field-group-storitve elementor-col-100\">\n\t\t\t\t\t\t\t\t\t\t\t\t<label for=\"form-field-storitve\" class=\"elementor-field-label\">\n\t\t\t\t\t\t\t\tKoje <b>usluge<\/b> su vam potrebne?\t\t\t\t\t\t\t<\/label>\n\t\t\t\t\t\t<div class=\"elementor-field-subgroup  elementor-subgroup-inline\"><span class=\"elementor-field-option\"><input type=\"checkbox\" value=\"oglasevanje\" id=\"form-field-storitve-0\" name=\"form_fields[storitve][]\"> <label for=\"form-field-storitve-0\">Ogla\u0161avanje<\/label><\/span><span class=\"elementor-field-option\"><input type=\"checkbox\" value=\"email-marketing\" id=\"form-field-storitve-1\" name=\"form_fields[storitve][]\"> <label for=\"form-field-storitve-1\">Email marketing<\/label><\/span><span class=\"elementor-field-option\"><input type=\"checkbox\" value=\"web\" id=\"form-field-storitve-2\" name=\"form_fields[storitve][]\"> <label for=\"form-field-storitve-2\">Izrada web stranica<\/label><\/span><span class=\"elementor-field-option\"><input type=\"checkbox\" value=\"seo\" id=\"form-field-storitve-3\" name=\"form_fields[storitve][]\"> <label for=\"form-field-storitve-3\">SEO<\/label><\/span><span class=\"elementor-field-option\"><input type=\"checkbox\" value=\"podatkovna-analitika\" id=\"form-field-storitve-4\" name=\"form_fields[storitve][]\"> <label for=\"form-field-storitve-4\">Analitika podataka<\/label><\/span><span class=\"elementor-field-option\"><input type=\"checkbox\" value=\"strategija\" id=\"form-field-storitve-5\" name=\"form_fields[storitve][]\"> <label for=\"form-field-storitve-5\">Prodajna strategija<\/label><\/span><span class=\"elementor-field-option\"><input type=\"checkbox\" value=\"lighthouse\" id=\"form-field-storitve-6\" name=\"form_fields[storitve][]\"> <label for=\"form-field-storitve-6\">Booking engine<\/label><\/span><span class=\"elementor-field-option\"><input type=\"checkbox\" value=\"pms\" id=\"form-field-storitve-7\" name=\"form_fields[storitve][]\"> <label for=\"form-field-storitve-7\">PMS<\/label><\/span><\/div>\t\t\t\t<\/div>\n\t\t\t\t\t\t\t\t<div class=\"elementor-field-type-text\">\n\t\t\t\t\t<input size=\"1\" type=\"text\" name=\"form_fields[field_160a9c0]\" id=\"form-field-field_160a9c0\" class=\"elementor-field elementor-size-sm \" style=\"display:none !important;\">\t\t\t\t<\/div>\n\t\t\t\t\t\t\t\t<div class=\"elementor-field-type-step elementor-field-group elementor-column elementor-field-group-field_5e324cf elementor-col-100\">\n\t\t\t\t\t\t\t<div class=\"e-field-step elementor-hidden\" data-label=\"Korak 2\/4\" data-previousButton=\"\" data-nextButton=\"\" data-iconUrl=\"\" data-iconLibrary=\"\" data-icon=\"\" ><\/div>\n\n\t\t\t\t\t\t<\/div>\n\t\t\t\t\t\t\t\t<div class=\"elementor-field-type-textarea elementor-field-group elementor-column elementor-field-group-povzetek elementor-col-100 elementor-field-required\">\n\t\t\t\t\t\t\t\t\t\t\t\t<label for=\"form-field-povzetek\" class=\"elementor-field-label\">\n\t\t\t\t\t\t\t\t<b>Napi\u0161ite<\/b> kratki sa\u017eetak <b>projekta<\/b>\t\t\t\t\t\t\t<\/label>\n\t\t\t\t\t\t<textarea class=\"elementor-field-textual elementor-field  elementor-size-sm\" name=\"form_fields[povzetek]\" id=\"form-field-povzetek\" rows=\"5\" placeholder=\"Molimo vas, opi\u0161ite va\u0161 projekt*\" required=\"required\"><\/textarea>\t\t\t\t<\/div>\n\t\t\t\t\t\t\t\t<div class=\"elementor-field-type-text\">\n\t\t\t\t\t<input size=\"1\" type=\"text\" name=\"form_fields[field_b728ca7]\" id=\"form-field-field_b728ca7\" class=\"elementor-field elementor-size-sm \" style=\"display:none !important;\">\t\t\t\t<\/div>\n\t\t\t\t\t\t\t\t<div class=\"elementor-field-type-step elementor-field-group elementor-column elementor-field-group-field_dcfee0a elementor-col-100\">\n\t\t\t\t\t\t\t<div class=\"e-field-step elementor-hidden\" data-label=\"Korak 3\/4\" data-previousButton=\"\" data-nextButton=\"\" data-iconUrl=\"\" data-iconLibrary=\"\" data-icon=\"\" ><\/div>\n\n\t\t\t\t\t\t<\/div>\n\t\t\t\t\t\t\t\t<div class=\"elementor-field-type-html elementor-field-group elementor-column elementor-field-group-field_558b866 elementor-col-100\">\n\t\t\t\t\t<label class=\"label-html\">\u010casovni okvir in <b>prora\u010dun<\/b><\/label>\t\t\t\t<\/div>\n\t\t\t\t\t\t\t\t<div class=\"elementor-field-type-text\">\n\t\t\t\t\t<input size=\"1\" type=\"text\" name=\"form_fields[field_527ecfe]\" id=\"form-field-field_527ecfe\" class=\"elementor-field elementor-size-sm \" style=\"display:none !important;\">\t\t\t\t<\/div>\n\t\t\t\t\t\t\t\t<div class=\"elementor-field-type-date elementor-field-group elementor-column elementor-field-group-date elementor-col-50\">\n\t\t\t\t\t\n\t\t<input type=\"date\" name=\"form_fields[date]\" id=\"form-field-date\" class=\"elementor-field elementor-size-sm  elementor-field-textual elementor-date-field\" placeholder=\"DATUM PO\u010cETKA PROJEKTA\" pattern=\"[0-9]{4}-[0-9]{2}-[0-9]{2}\">\n\t\t\t\t\t\t<\/div>\n\t\t\t\t\t\t\t\t<div class=\"elementor-field-type-text elementor-field-group elementor-column elementor-field-group-buget elementor-col-50\">\n\t\t\t\t\t\t\t\t\t\t\t\t\t<input size=\"1\" type=\"text\" name=\"form_fields[buget]\" id=\"form-field-buget\" class=\"elementor-field elementor-size-sm  elementor-field-textual\" placeholder=\"BUD\u017dET PROJEKTA\">\n\t\t\t\t\t\t\t\t\t\t\t<\/div>\n\t\t\t\t\t\t\t\t<div class=\"elementor-field-type-text\">\n\t\t\t\t\t<input size=\"1\" type=\"text\" name=\"form_fields[field_d735506]\" id=\"form-field-field_d735506\" class=\"elementor-field elementor-size-sm \" style=\"display:none !important;\">\t\t\t\t<\/div>\n\t\t\t\t\t\t\t\t<div class=\"elementor-field-type-step elementor-field-group elementor-column elementor-field-group-field_0dc2c5f elementor-col-100\">\n\t\t\t\t\t\t\t<div class=\"e-field-step elementor-hidden\" data-label=\"Korak 4\/4\" data-previousButton=\"\" data-nextButton=\"\" data-iconUrl=\"\" data-iconLibrary=\"\" data-icon=\"\" ><\/div>\n\n\t\t\t\t\t\t<\/div>\n\t\t\t\t\t\t\t\t<div class=\"elementor-field-type-html elementor-field-group elementor-column elementor-field-group-field_b0c4c84 elementor-col-100\">\n\t\t\t\t\t<label class=\"label-html\">Va\u0161 <b>kontakt<\/b><\/label>\t\t\t\t<\/div>\n\t\t\t\t\t\t\t\t<div class=\"elementor-field-type-text elementor-field-group elementor-column elementor-field-group-name elementor-col-50 elementor-field-required\">\n\t\t\t\t\t\t\t\t\t\t\t\t<label for=\"form-field-name\" class=\"elementor-field-label\">\n\t\t\t\t\t\t\t\tIme\t\t\t\t\t\t\t<\/label>\n\t\t\t\t\t\t\t\t\t\t\t\t\t\t<input size=\"1\" type=\"text\" name=\"form_fields[name]\" id=\"form-field-name\" class=\"elementor-field elementor-size-sm  elementor-field-textual\" placeholder=\"IME*\" required=\"required\">\n\t\t\t\t\t\t\t\t\t\t\t<\/div>\n\t\t\t\t\t\t\t\t<div class=\"elementor-field-type-email elementor-field-group elementor-column elementor-field-group-email elementor-col-50 elementor-field-required\">\n\t\t\t\t\t\t\t\t\t\t\t\t<label for=\"form-field-email\" class=\"elementor-field-label\">\n\t\t\t\t\t\t\t\tEmail\t\t\t\t\t\t\t<\/label>\n\t\t\t\t\t\t\t\t\t\t\t\t\t\t<input size=\"1\" type=\"email\" name=\"form_fields[email]\" id=\"form-field-email\" class=\"elementor-field elementor-size-sm  elementor-field-textual\" placeholder=\"EMAIL*\" required=\"required\">\n\t\t\t\t\t\t\t\t\t\t\t<\/div>\n\t\t\t\t\t\t\t\t<div class=\"elementor-field-type-text\">\n\t\t\t\t\t<input size=\"1\" type=\"text\" name=\"form_fields[field_706a1de]\" id=\"form-field-field_706a1de\" class=\"elementor-field elementor-size-sm \" style=\"display:none !important;\">\t\t\t\t<\/div>\n\t\t\t\t\t\t\t\t<div class=\"elementor-field-type-tel elementor-field-group elementor-column elementor-field-group-tel elementor-col-50\">\n\t\t\t\t\t\t\t\t\t\t\t\t<label for=\"form-field-tel\" class=\"elementor-field-label\">\n\t\t\t\t\t\t\t\tStevilka\t\t\t\t\t\t\t<\/label>\n\t\t\t\t\t\t\t\t<input size=\"1\" type=\"tel\" name=\"form_fields[tel]\" id=\"form-field-tel\" class=\"elementor-field elementor-size-sm  elementor-field-textual\" placeholder=\"TELEFONSKI BROJ\" pattern=\"[0-9()#&amp;+*-=.]+\" title=\"Only numbers and phone characters (#, -, *, etc) are accepted.\">\n\n\t\t\t\t\t\t<\/div>\n\t\t\t\t\t\t\t\t<div class=\"elementor-field-type-text elementor-field-group elementor-column elementor-field-group-podjetje elementor-col-50\">\n\t\t\t\t\t\t\t\t\t\t\t\t<label for=\"form-field-podjetje\" class=\"elementor-field-label\">\n\t\t\t\t\t\t\t\tTvrtka\t\t\t\t\t\t\t<\/label>\n\t\t\t\t\t\t\t\t\t\t\t\t\t\t<input size=\"1\" type=\"text\" name=\"form_fields[podjetje]\" id=\"form-field-podjetje\" class=\"elementor-field elementor-size-sm  elementor-field-textual\" placeholder=\"VA\u0160E PODUZE\u0106E\">\n\t\t\t\t\t\t\t\t\t\t\t<\/div>\n\t\t\t\t\t\t\t\t<div class=\"elementor-field-type-text\">\n\t\t\t\t\t<input size=\"1\" type=\"text\" name=\"form_fields[field_1e73357]\" id=\"form-field-field_1e73357\" class=\"elementor-field elementor-size-sm \" style=\"display:none !important;\">\t\t\t\t<\/div>\n\t\t\t\t\t\t\t\t<div class=\"elementor-field-type-recaptcha_v3 elementor-field-group elementor-column elementor-field-group-reCAPTCHA elementor-col-100 recaptcha_v3-bottomright\">\n\t\t\t\t\t<div class=\"elementor-field\" id=\"form-field-reCAPTCHA\"><div class=\"elementor-g-recaptcha\" data-sitekey=\"6LfalfkZAAAAAHnazBcd408jjvcmFrgRwCM5f8pj\" data-type=\"v3\" data-action=\"Form\" data-badge=\"bottomright\" data-size=\"invisible\"><\/div><\/div>\t\t\t\t<\/div>\n\t\t\t\t\t\t\t\t<div class=\"elementor-field-group elementor-column elementor-field-type-submit elementor-col-100 e-form__buttons\">\n\t\t\t\t\t<button class=\"elementor-button elementor-size-sm\" type=\"submit\">\n\t\t\t\t\t\t<span class=\"elementor-button-content-wrapper\">\n\t\t\t\t\t\t\t\t\t\t\t\t\t\t\t\t\t\t\t\t\t\t<span class=\"elementor-button-text\">Po\u0161alji obrazac<\/span>\n\t\t\t\t\t\t\t\t\t\t\t\t\t<\/span>\n\t\t\t\t\t<\/button>\n\t\t\t\t<\/div>\n\t\t\t<\/div>\n\t\t<\/form>\n\t\t\t\t\t\t<\/div>\n\t\t\t\t<\/div>\n\t\t<div class=\"elementor-element elementor-element-591d019 e-grid container-l-r-padding elementor-hidden-mobile animated-slow e-con-boxed elementor-invisible e-con e-child\" data-id=\"591d019\" data-element_type=\"container\" data-e-type=\"container\" data-settings=\"{&quot;position&quot;:&quot;absolute&quot;,&quot;animation&quot;:&quot;fadeIn&quot;,&quot;animation_delay&quot;:1000}\">\n\t\t\t\t\t<div class=\"e-con-inner\">\n\t\t\t\t<div class=\"elementor-element elementor-element-848100c elementor-widget elementor-widget-heading\" data-id=\"848100c\" data-element_type=\"widget\" data-e-type=\"widget\" data-widget_type=\"heading.default\">\n\t\t\t\t<div class=\"elementor-widget-container\">\n\t\t\t\t\t<h2 class=\"elementor-heading-title elementor-size-default\">DO VI\u0160E <b>IZRAVNIH REZERVACIJA<\/b> KROZ NOVU <b>DIGITALNU OFENZIVU<\/b><\/h2>\t\t\t\t<\/div>\n\t\t\t\t<\/div>\n\t\t\t\t<div class=\"elementor-element elementor-element-ef53dab elementor-widget elementor-widget-heading\" data-id=\"ef53dab\" data-element_type=\"widget\" data-e-type=\"widget\" data-widget_type=\"heading.default\">\n\t\t\t\t<div class=\"elementor-widget-container\">\n\t\t\t\t\t<p class=\"elementor-heading-title elementor-size-default\"><a href=\"mailto:Info@forward.si\"><span>UPIT<\/span><br>Info@forward.si<\/a><\/p>\t\t\t\t<\/div>\n\t\t\t\t<\/div>\n\t\t\t\t<div class=\"elementor-element elementor-element-1ab786e elementor-widget elementor-widget-heading\" data-id=\"1ab786e\" data-element_type=\"widget\" data-e-type=\"widget\" data-widget_type=\"heading.default\">\n\t\t\t\t<div class=\"elementor-widget-container\">\n\t\t\t\t\t<p class=\"elementor-heading-title elementor-size-default\"><a href=\"mailto:zaposlitev@forward.si\"><span>Otvorena radna mjesta<\/span><br>zaposlitev@forward.si<\/a><\/p>\t\t\t\t<\/div>\n\t\t\t\t<\/div>\n\t\t\t\t\t<\/div>\n\t\t\t\t<\/div>\n\t\t<div class=\"elementor-element elementor-element-b1e8037 e-con-full elementor-hidden-desktop elementor-hidden-laptop elementor-hidden-tablet e-flex e-con e-child\" data-id=\"b1e8037\" data-element_type=\"container\" data-e-type=\"container\">\n\t\t\t\t<div class=\"elementor-element elementor-element-4714925 elementor-widget elementor-widget-heading\" data-id=\"4714925\" data-element_type=\"widget\" data-e-type=\"widget\" data-widget_type=\"heading.default\">\n\t\t\t\t<div class=\"elementor-widget-container\">\n\t\t\t\t\t<p class=\"elementor-heading-title elementor-size-default\"><a href=\"mailto:Info@forward.si\"><span>UPIT<\/span><br>Info@forward.si<\/a><\/p>\t\t\t\t<\/div>\n\t\t\t\t<\/div>\n\t\t\t\t<div class=\"elementor-element elementor-element-0badb72 elementor-widget elementor-widget-heading\" data-id=\"0badb72\" data-element_type=\"widget\" data-e-type=\"widget\" data-widget_type=\"heading.default\">\n\t\t\t\t<div class=\"elementor-widget-container\">\n\t\t\t\t\t<p class=\"elementor-heading-title elementor-size-default\"><a href=\"mailto:zaposlitev@forward.si\"><span>Otvorena radna mjesta<\/span><br>zaposlitev@forward.si<\/a><\/p>\t\t\t\t<\/div>\n\t\t\t\t<\/div>\n\t\t\t\t<\/div>\n\t\t\t\t\t<\/div>\n\t\t\t\t<\/div>\n\t\t\t\t<\/div>\n\t\t","protected":false},"excerpt":{"rendered":"<p>Zapo\u010dnite projekt DO VI\u0160E IZRAVNIH REZERVACIJA KROZ NOVU DIGITALNU OFENZIVU UPITInfo@forward.si Otvorena radna mjestazaposlitev@forward.si UPITInfo@forward.si Otvorena radna mjestazaposlitev@forward.si<\/p>\n","protected":false},"author":4,"featured_media":0,"parent":0,"menu_order":0,"comment_status":"closed","ping_status":"closed","template":"","meta":{"footnotes":""},"class_list":["post-9225","page","type-page","status-publish","hentry"],"yoast_head":"<!-- This site is optimized with the Yoast SEO plugin v27.4 - https:\/\/yoast.com\/product\/yoast-seo-wordpress\/ -->\n<title>Zapo\u010dnite projekt - Forward Agencija<\/title>\n<meta name=\"description\" content=\"Po\u010dnimo raditi zajedno u digitalnom svijetu turizma! Ostvarite vi\u0161e izravnih rezervacija i prodaje uz novu digitalnu ofenzivu.\" \/>\n<meta name=\"robots\" content=\"index, follow, max-snippet:-1, max-image-preview:large, max-video-preview:-1\" \/>\n<link rel=\"canonical\" href=\"https:\/\/www.forward.si\/hr\/zapocnite-projekt\/\" \/>\n<meta property=\"og:locale\" content=\"hr_HR\" \/>\n<meta property=\"og:type\" content=\"article\" \/>\n<meta property=\"og:title\" content=\"Zapo\u010dnite projekt - Forward Agencija\" \/>\n<meta property=\"og:description\" content=\"Po\u010dnimo raditi zajedno u digitalnom svijetu turizma! Ostvarite vi\u0161e izravnih rezervacija i prodaje uz novu digitalnu ofenzivu.\" \/>\n<meta property=\"og:url\" content=\"https:\/\/www.forward.si\/hr\/zapocnite-projekt\/\" \/>\n<meta property=\"og:site_name\" content=\"Forward\" \/>\n<meta property=\"article:publisher\" content=\"https:\/\/www.facebook.com\/ForwardSi\" \/>\n<meta property=\"article:modified_time\" content=\"2026-02-22T18:32:48+00:00\" \/>\n<meta property=\"og:image\" content=\"https:\/\/www.forward.si\/wp-content\/uploads\/forward-digitaliziramo-turizem-new.jpg\" \/>\n\t<meta property=\"og:image:width\" content=\"1200\" \/>\n\t<meta property=\"og:image:height\" content=\"628\" \/>\n\t<meta property=\"og:image:type\" content=\"image\/jpeg\" \/>\n<meta name=\"twitter:card\" content=\"summary_large_image\" \/>\n<script type=\"application\/ld+json\" class=\"yoast-schema-graph\">{\"@context\":\"https:\\\/\\\/schema.org\",\"@graph\":[{\"@type\":\"WebPage\",\"@id\":\"https:\\\/\\\/www.forward.si\\\/hr\\\/zapocnite-projekt\\\/\",\"url\":\"https:\\\/\\\/www.forward.si\\\/hr\\\/zapocnite-projekt\\\/\",\"name\":\"Zapo\u010dnite projekt - Forward Agencija\",\"isPartOf\":{\"@id\":\"https:\\\/\\\/www.forward.si\\\/hr\\\/#website\"},\"datePublished\":\"2025-01-05T23:52:44+00:00\",\"dateModified\":\"2026-02-22T18:32:48+00:00\",\"description\":\"Po\u010dnimo raditi zajedno u digitalnom svijetu turizma! Ostvarite vi\u0161e izravnih rezervacija i prodaje uz novu digitalnu ofenzivu.\",\"breadcrumb\":{\"@id\":\"https:\\\/\\\/www.forward.si\\\/hr\\\/zapocnite-projekt\\\/#breadcrumb\"},\"inLanguage\":\"hr\",\"potentialAction\":[{\"@type\":\"ReadAction\",\"target\":[\"https:\\\/\\\/www.forward.si\\\/hr\\\/zapocnite-projekt\\\/\"]}]},{\"@type\":\"BreadcrumbList\",\"@id\":\"https:\\\/\\\/www.forward.si\\\/hr\\\/zapocnite-projekt\\\/#breadcrumb\",\"itemListElement\":[{\"@type\":\"ListItem\",\"position\":1,\"name\":\"Home\",\"item\":\"https:\\\/\\\/www.forward.si\\\/hr\\\/domov-hr\\\/\"},{\"@type\":\"ListItem\",\"position\":2,\"name\":\"Zapo\u010dnite projekt\"}]},{\"@type\":\"WebSite\",\"@id\":\"https:\\\/\\\/www.forward.si\\\/hr\\\/#website\",\"url\":\"https:\\\/\\\/www.forward.si\\\/hr\\\/\",\"name\":\"Forward\",\"description\":\"Digitaliziramo turizem\",\"publisher\":{\"@id\":\"https:\\\/\\\/www.forward.si\\\/hr\\\/#organization\"},\"potentialAction\":[{\"@type\":\"SearchAction\",\"target\":{\"@type\":\"EntryPoint\",\"urlTemplate\":\"https:\\\/\\\/www.forward.si\\\/hr\\\/?s={search_term_string}\"},\"query-input\":{\"@type\":\"PropertyValueSpecification\",\"valueRequired\":true,\"valueName\":\"search_term_string\"}}],\"inLanguage\":\"hr\"},{\"@type\":\"Organization\",\"@id\":\"https:\\\/\\\/www.forward.si\\\/hr\\\/#organization\",\"name\":\"Forward d.o.o.\",\"alternateName\":\"Forward d.o.o.\",\"url\":\"https:\\\/\\\/www.forward.si\\\/hr\\\/\",\"logo\":{\"@type\":\"ImageObject\",\"inLanguage\":\"hr\",\"@id\":\"https:\\\/\\\/www.forward.si\\\/hr\\\/#\\\/schema\\\/logo\\\/image\\\/\",\"url\":\"https:\\\/\\\/www.forward.si\\\/wp-content\\\/uploads\\\/cropped-Forward-favicon-512-min.png\",\"contentUrl\":\"https:\\\/\\\/www.forward.si\\\/wp-content\\\/uploads\\\/cropped-Forward-favicon-512-min.png\",\"width\":512,\"height\":512,\"caption\":\"Forward d.o.o.\"},\"image\":{\"@id\":\"https:\\\/\\\/www.forward.si\\\/hr\\\/#\\\/schema\\\/logo\\\/image\\\/\"},\"sameAs\":[\"https:\\\/\\\/www.facebook.com\\\/ForwardSi\",\"https:\\\/\\\/www.instagram.com\\\/forward.si\\\/\",\"https:\\\/\\\/www.tiktok.com\\\/@forward.si\",\"https:\\\/\\\/www.linkedin.com\\\/company\\\/9208570\\\/\"]}]}<\/script>\n<!-- \/ Yoast SEO plugin. -->","yoast_head_json":{"title":"Zapo\u010dnite projekt - Forward Agencija","description":"Po\u010dnimo raditi zajedno u digitalnom svijetu turizma! Ostvarite vi\u0161e izravnih rezervacija i prodaje uz novu digitalnu ofenzivu.","robots":{"index":"index","follow":"follow","max-snippet":"max-snippet:-1","max-image-preview":"max-image-preview:large","max-video-preview":"max-video-preview:-1"},"canonical":"https:\/\/www.forward.si\/hr\/zapocnite-projekt\/","og_locale":"hr_HR","og_type":"article","og_title":"Zapo\u010dnite projekt - Forward Agencija","og_description":"Po\u010dnimo raditi zajedno u digitalnom svijetu turizma! Ostvarite vi\u0161e izravnih rezervacija i prodaje uz novu digitalnu ofenzivu.","og_url":"https:\/\/www.forward.si\/hr\/zapocnite-projekt\/","og_site_name":"Forward","article_publisher":"https:\/\/www.facebook.com\/ForwardSi","article_modified_time":"2026-02-22T18:32:48+00:00","og_image":[{"width":1200,"height":628,"url":"https:\/\/www.forward.si\/wp-content\/uploads\/forward-digitaliziramo-turizem-new.jpg","type":"image\/jpeg"}],"twitter_card":"summary_large_image","schema":{"@context":"https:\/\/schema.org","@graph":[{"@type":"WebPage","@id":"https:\/\/www.forward.si\/hr\/zapocnite-projekt\/","url":"https:\/\/www.forward.si\/hr\/zapocnite-projekt\/","name":"Zapo\u010dnite projekt - Forward Agencija","isPartOf":{"@id":"https:\/\/www.forward.si\/hr\/#website"},"datePublished":"2025-01-05T23:52:44+00:00","dateModified":"2026-02-22T18:32:48+00:00","description":"Po\u010dnimo raditi zajedno u digitalnom svijetu turizma! Ostvarite vi\u0161e izravnih rezervacija i prodaje uz novu digitalnu ofenzivu.","breadcrumb":{"@id":"https:\/\/www.forward.si\/hr\/zapocnite-projekt\/#breadcrumb"},"inLanguage":"hr","potentialAction":[{"@type":"ReadAction","target":["https:\/\/www.forward.si\/hr\/zapocnite-projekt\/"]}]},{"@type":"BreadcrumbList","@id":"https:\/\/www.forward.si\/hr\/zapocnite-projekt\/#breadcrumb","itemListElement":[{"@type":"ListItem","position":1,"name":"Home","item":"https:\/\/www.forward.si\/hr\/domov-hr\/"},{"@type":"ListItem","position":2,"name":"Zapo\u010dnite projekt"}]},{"@type":"WebSite","@id":"https:\/\/www.forward.si\/hr\/#website","url":"https:\/\/www.forward.si\/hr\/","name":"Forward","description":"Digitaliziramo turizem","publisher":{"@id":"https:\/\/www.forward.si\/hr\/#organization"},"potentialAction":[{"@type":"SearchAction","target":{"@type":"EntryPoint","urlTemplate":"https:\/\/www.forward.si\/hr\/?s={search_term_string}"},"query-input":{"@type":"PropertyValueSpecification","valueRequired":true,"valueName":"search_term_string"}}],"inLanguage":"hr"},{"@type":"Organization","@id":"https:\/\/www.forward.si\/hr\/#organization","name":"Forward d.o.o.","alternateName":"Forward d.o.o.","url":"https:\/\/www.forward.si\/hr\/","logo":{"@type":"ImageObject","inLanguage":"hr","@id":"https:\/\/www.forward.si\/hr\/#\/schema\/logo\/image\/","url":"https:\/\/www.forward.si\/wp-content\/uploads\/cropped-Forward-favicon-512-min.png","contentUrl":"https:\/\/www.forward.si\/wp-content\/uploads\/cropped-Forward-favicon-512-min.png","width":512,"height":512,"caption":"Forward d.o.o."},"image":{"@id":"https:\/\/www.forward.si\/hr\/#\/schema\/logo\/image\/"},"sameAs":["https:\/\/www.facebook.com\/ForwardSi","https:\/\/www.instagram.com\/forward.si\/","https:\/\/www.tiktok.com\/@forward.si","https:\/\/www.linkedin.com\/company\/9208570\/"]}]}},"_links":{"self":[{"href":"https:\/\/www.forward.si\/hr\/wp-json\/wp\/v2\/pages\/9225","targetHints":{"allow":["GET"]}}],"collection":[{"href":"https:\/\/www.forward.si\/hr\/wp-json\/wp\/v2\/pages"}],"about":[{"href":"https:\/\/www.forward.si\/hr\/wp-json\/wp\/v2\/types\/page"}],"author":[{"embeddable":true,"href":"https:\/\/www.forward.si\/hr\/wp-json\/wp\/v2\/users\/4"}],"replies":[{"embeddable":true,"href":"https:\/\/www.forward.si\/hr\/wp-json\/wp\/v2\/comments?post=9225"}],"version-history":[{"count":6,"href":"https:\/\/www.forward.si\/hr\/wp-json\/wp\/v2\/pages\/9225\/revisions"}],"predecessor-version":[{"id":9307,"href":"https:\/\/www.forward.si\/hr\/wp-json\/wp\/v2\/pages\/9225\/revisions\/9307"}],"wp:attachment":[{"href":"https:\/\/www.forward.si\/hr\/wp-json\/wp\/v2\/media?parent=9225"}],"curies":[{"name":"wp","href":"https:\/\/api.w.org\/{rel}","templated":true}]}}