{"id":9310,"date":"2024-08-13T00:47:38","date_gmt":"2024-08-13T00:47:38","guid":{"rendered":"https:\/\/www.forward.si\/kolacici\/"},"modified":"2026-02-22T18:54:03","modified_gmt":"2026-02-22T18:54:03","slug":"kolacici","status":"publish","type":"page","link":"https:\/\/www.forward.si\/hr\/kolacici\/","title":{"rendered":"Kola\u010di\u0107i"},"content":{"rendered":"\t\t<div data-elementor-type=\"wp-page\" data-elementor-id=\"9310\" class=\"elementor elementor-9310 elementor-426\" data-elementor-post-type=\"page\">\n\t\t\t\t<div class=\"elementor-element elementor-element-f2d509b e-flex e-con-boxed e-con e-parent\" data-id=\"f2d509b\" data-element_type=\"container\" data-e-type=\"container\">\n\t\t\t\t\t<div class=\"e-con-inner\">\n\t\t\t\t<div class=\"elementor-element elementor-element-3655bc5 elementor-widget elementor-widget-text-editor\" data-id=\"3655bc5\" data-element_type=\"widget\" data-e-type=\"widget\" data-widget_type=\"text-editor.default\">\n\t\t\t\t<div class=\"elementor-widget-container\">\n\t\t\t\t\t\t\t\t\t<p><strong>Datum stupanja na snagu: 22. 10. 2025<\/strong><br><strong>Datum posljednjeg a\u017euriranja: 22. 10. 2025<\/strong><\/p><p> <\/p><h3>\u0160to su kola\u010di\u0107i?<\/h3><p>Ova Politika kola\u010di\u0107a obja\u0161njava \u0161to su kola\u010di\u0107i i kako ih koristimo, koje vrste kola\u010di\u0107a koristimo (odnosno koje podatke prikupljamo putem njih i kako se ti podaci koriste) te kako mo\u017eete upravljati postavkama kola\u010di\u0107a.<\/p><p>Kola\u010di\u0107i su male tekstualne datoteke koje slu\u017ee za pohranu manjih koli\u010dina informacija. Oni se pohranjuju na va\u0161em ure\u0111aju u trenutku kada se internetska stranica u\u010dita u va\u0161em pregledniku. Ti nam kola\u010di\u0107i poma\u017eu osigurati pravilno funkcioniranje stranice, pove\u0107ati njezinu sigurnost, pru\u017eiti bolje korisni\u010dko iskustvo te razumjeti i analizirati na\u010din rada stranice kako bismo znali \u0161to je uspje\u0161no, a \u0161to je potrebno pobolj\u0161ati.<\/p><p> <\/p><h3>Kako koristimo kola\u010di\u0107e?<\/h3><p>Kao i ve\u0107ina internetskih usluga, na\u0161a stranica koristi vlastite kola\u010di\u0107e (&#8220;first-party cookies&#8221;) i kola\u010di\u0107e tre\u0107ih strana (&#8220;third-party cookies&#8221;) u razli\u010dite svrhe. Vlastiti kola\u010di\u0107i su uglavnom neophodni za ispravno funkcioniranje stranice i ne prikupljaju va\u0161e osobne podatke.<\/p><p>Kola\u010di\u0107i tre\u0107ih strana na na\u0161oj internetskoj stranici prvenstveno slu\u017ee za razumijevanje rada stranice i va\u0161e interakcije s njom. Oni poma\u017eu u o\u010duvanju sigurnosti na\u0161ih usluga, prikazivanju oglasa koji su relevantni za vas te op\u0107enito pridonose boljem korisni\u010dkom iskustvu, ubrzavaju\u0107i va\u0161e budu\u0107e interakcije s na\u0161om stranicom.<\/p><p> <\/p><h3>Vrste kola\u010di\u0107a koje koristimo<\/h3>\t\t\t\t\t\t\t\t<\/div>\n\t\t\t\t<\/div>\n\t\t\t\t<div class=\"elementor-element elementor-element-0990fa1 elementor-widget elementor-widget-html\" data-id=\"0990fa1\" data-element_type=\"widget\" data-e-type=\"widget\" data-widget_type=\"html.default\">\n\t\t\t\t<div class=\"elementor-widget-container\">\n\t\t\t\t\t<script type=\"text\/javascript\" charset=\"UTF-8\"  data-cookiescriptreport=\"report\" src=\"\/\/report.cookie-script.com\/r\/ac9f55958639d92bd493420b7ca94a66.js\"><\/script>\t\t\t\t<\/div>\n\t\t\t\t<\/div>\n\t\t\t\t<div class=\"elementor-element elementor-element-5fedb60 elementor-widget elementor-widget-text-editor\" data-id=\"5fedb60\" data-element_type=\"widget\" data-e-type=\"widget\" data-widget_type=\"text-editor.default\">\n\t\t\t\t<div class=\"elementor-widget-container\">\n\t\t\t\t\t\t\t\t\t<h3>Upravljanje postavkama kola\u010di\u0107a<\/h3><p>Postavke kola\u010di\u0107a mo\u017eete promijeniti u bilo kojem trenutku klikom na gumb iznad. To \u0107e vam omogu\u0107iti ponovni prikaz trake s privolom za kola\u010di\u0107e, gdje mo\u017eete promijeniti svoje postavke ili odmah povu\u0107i privolu.<\/p><p>Osim toga, razli\u010diti preglednici nude razli\u010dite metode za blokiranje i brisanje kola\u010di\u0107a koje koriste internetske stranice. Postavke svog preglednika mo\u017eete promijeniti tako da blokirate ili izbri\u0161ete kola\u010di\u0107e. Ispod se nalaze poveznice na dokumente podr\u0161ke o upravljanju i brisanju kola\u010di\u0107a za najpopularnije internetske preglednike.<\/p><p>Chrome: https:\/\/support.google.com\/accounts\/answer\/32050<br><br>Safari: https:\/\/support.apple.com\/hr-hr\/guide\/safari\/sfri11471\/mac<br><br>Firefox: https:\/\/support.mozilla.org\/hr\/kb\/brisanje-kolacica-i-podataka-stranica<br><br>Internet Explorer: https:\/\/support.microsoft.com\/hr-hr\/topic\/brisanje-datoteka-kola%C4%8Di%C4%87a-u-programu-internet-explorer-bca9446f-d873-78de-77ba-d42645fa52fc<\/p><p>Ako koristite neki drugi internetski preglednik, molimo posjetite slu\u017ebene dokumente podr\u0161ke za taj preglednik.<\/p>\t\t\t\t\t\t\t\t<\/div>\n\t\t\t\t<\/div>\n\t\t\t\t\t<\/div>\n\t\t\t\t<\/div>\n\t\t\t\t<\/div>\n\t\t","protected":false},"excerpt":{"rendered":"<p>Datum stupanja na snagu: 22. 10. 2025Datum posljednjeg a\u017euriranja: 22. 10. 2025 \u0160to su kola\u010di\u0107i? Ova Politika kola\u010di\u0107a obja\u0161njava \u0161to su kola\u010di\u0107i i kako ih koristimo, koje vrste kola\u010di\u0107a koristimo (odnosno koje podatke prikupljamo putem njih i kako se ti podaci koriste) te kako mo\u017eete upravljati postavkama kola\u010di\u0107a. Kola\u010di\u0107i su male tekstualne datoteke koje slu\u017ee [&hellip;]<\/p>\n","protected":false},"author":4,"featured_media":0,"parent":0,"menu_order":0,"comment_status":"closed","ping_status":"closed","template":"","meta":{"footnotes":""},"class_list":["post-9310","page","type-page","status-publish","hentry"],"yoast_head":"<!-- This site is optimized with the Yoast SEO plugin v27.4 - https:\/\/yoast.com\/product\/yoast-seo-wordpress\/ -->\n<title>Kola\u010di\u0107i - Forward<\/title>\n<meta name=\"robots\" content=\"index, follow, max-snippet:-1, max-image-preview:large, max-video-preview:-1\" \/>\n<link rel=\"canonical\" href=\"https:\/\/www.forward.si\/hr\/kolacici\/\" \/>\n<meta property=\"og:locale\" content=\"hr_HR\" \/>\n<meta property=\"og:type\" content=\"article\" \/>\n<meta property=\"og:title\" content=\"Kola\u010di\u0107i - Forward\" \/>\n<meta property=\"og:description\" content=\"Datum stupanja na snagu: 22. 10. 2025Datum posljednjeg a\u017euriranja: 22. 10. 2025 \u0160to su kola\u010di\u0107i? Ova Politika kola\u010di\u0107a obja\u0161njava \u0161to su kola\u010di\u0107i i kako ih koristimo, koje vrste kola\u010di\u0107a koristimo (odnosno koje podatke prikupljamo putem njih i kako se ti podaci koriste) te kako mo\u017eete upravljati postavkama kola\u010di\u0107a. Kola\u010di\u0107i su male tekstualne datoteke koje slu\u017ee [&hellip;]\" \/>\n<meta property=\"og:url\" content=\"https:\/\/www.forward.si\/hr\/kolacici\/\" \/>\n<meta property=\"og:site_name\" content=\"Forward\" \/>\n<meta property=\"article:publisher\" content=\"https:\/\/www.facebook.com\/ForwardSi\" \/>\n<meta property=\"article:modified_time\" content=\"2026-02-22T18:54:03+00:00\" \/>\n<meta property=\"og:image\" content=\"https:\/\/www.forward.si\/wp-content\/uploads\/forward-digitaliziramo-turizem-new.jpg\" \/>\n\t<meta property=\"og:image:width\" content=\"1200\" \/>\n\t<meta property=\"og:image:height\" content=\"628\" \/>\n\t<meta property=\"og:image:type\" content=\"image\/jpeg\" \/>\n<meta name=\"twitter:card\" content=\"summary_large_image\" \/>\n<meta name=\"twitter:label1\" content=\"Procijenjeno vrijeme \u010ditanja\" \/>\n\t<meta name=\"twitter:data1\" content=\"2 minute\" \/>\n<script type=\"application\/ld+json\" class=\"yoast-schema-graph\">{\"@context\":\"https:\\\/\\\/schema.org\",\"@graph\":[{\"@type\":\"WebPage\",\"@id\":\"https:\\\/\\\/www.forward.si\\\/hr\\\/kolacici\\\/\",\"url\":\"https:\\\/\\\/www.forward.si\\\/hr\\\/kolacici\\\/\",\"name\":\"Kola\u010di\u0107i - Forward\",\"isPartOf\":{\"@id\":\"https:\\\/\\\/www.forward.si\\\/hr\\\/#website\"},\"datePublished\":\"2024-08-13T00:47:38+00:00\",\"dateModified\":\"2026-02-22T18:54:03+00:00\",\"breadcrumb\":{\"@id\":\"https:\\\/\\\/www.forward.si\\\/hr\\\/kolacici\\\/#breadcrumb\"},\"inLanguage\":\"hr\",\"potentialAction\":[{\"@type\":\"ReadAction\",\"target\":[\"https:\\\/\\\/www.forward.si\\\/hr\\\/kolacici\\\/\"]}]},{\"@type\":\"BreadcrumbList\",\"@id\":\"https:\\\/\\\/www.forward.si\\\/hr\\\/kolacici\\\/#breadcrumb\",\"itemListElement\":[{\"@type\":\"ListItem\",\"position\":1,\"name\":\"Home\",\"item\":\"https:\\\/\\\/www.forward.si\\\/hr\\\/domov-hr\\\/\"},{\"@type\":\"ListItem\",\"position\":2,\"name\":\"Kola\u010di\u0107i\"}]},{\"@type\":\"WebSite\",\"@id\":\"https:\\\/\\\/www.forward.si\\\/hr\\\/#website\",\"url\":\"https:\\\/\\\/www.forward.si\\\/hr\\\/\",\"name\":\"Forward\",\"description\":\"Digitaliziramo turizem\",\"publisher\":{\"@id\":\"https:\\\/\\\/www.forward.si\\\/hr\\\/#organization\"},\"potentialAction\":[{\"@type\":\"SearchAction\",\"target\":{\"@type\":\"EntryPoint\",\"urlTemplate\":\"https:\\\/\\\/www.forward.si\\\/hr\\\/?s={search_term_string}\"},\"query-input\":{\"@type\":\"PropertyValueSpecification\",\"valueRequired\":true,\"valueName\":\"search_term_string\"}}],\"inLanguage\":\"hr\"},{\"@type\":\"Organization\",\"@id\":\"https:\\\/\\\/www.forward.si\\\/hr\\\/#organization\",\"name\":\"Forward d.o.o.\",\"alternateName\":\"Forward d.o.o.\",\"url\":\"https:\\\/\\\/www.forward.si\\\/hr\\\/\",\"logo\":{\"@type\":\"ImageObject\",\"inLanguage\":\"hr\",\"@id\":\"https:\\\/\\\/www.forward.si\\\/hr\\\/#\\\/schema\\\/logo\\\/image\\\/\",\"url\":\"https:\\\/\\\/www.forward.si\\\/wp-content\\\/uploads\\\/cropped-Forward-favicon-512-min.png\",\"contentUrl\":\"https:\\\/\\\/www.forward.si\\\/wp-content\\\/uploads\\\/cropped-Forward-favicon-512-min.png\",\"width\":512,\"height\":512,\"caption\":\"Forward d.o.o.\"},\"image\":{\"@id\":\"https:\\\/\\\/www.forward.si\\\/hr\\\/#\\\/schema\\\/logo\\\/image\\\/\"},\"sameAs\":[\"https:\\\/\\\/www.facebook.com\\\/ForwardSi\",\"https:\\\/\\\/www.instagram.com\\\/forward.si\\\/\",\"https:\\\/\\\/www.tiktok.com\\\/@forward.si\",\"https:\\\/\\\/www.linkedin.com\\\/company\\\/9208570\\\/\"]}]}<\/script>\n<!-- \/ Yoast SEO plugin. -->","yoast_head_json":{"title":"Kola\u010di\u0107i - Forward","robots":{"index":"index","follow":"follow","max-snippet":"max-snippet:-1","max-image-preview":"max-image-preview:large","max-video-preview":"max-video-preview:-1"},"canonical":"https:\/\/www.forward.si\/hr\/kolacici\/","og_locale":"hr_HR","og_type":"article","og_title":"Kola\u010di\u0107i - Forward","og_description":"Datum stupanja na snagu: 22. 10. 2025Datum posljednjeg a\u017euriranja: 22. 10. 2025 \u0160to su kola\u010di\u0107i? Ova Politika kola\u010di\u0107a obja\u0161njava \u0161to su kola\u010di\u0107i i kako ih koristimo, koje vrste kola\u010di\u0107a koristimo (odnosno koje podatke prikupljamo putem njih i kako se ti podaci koriste) te kako mo\u017eete upravljati postavkama kola\u010di\u0107a. Kola\u010di\u0107i su male tekstualne datoteke koje slu\u017ee [&hellip;]","og_url":"https:\/\/www.forward.si\/hr\/kolacici\/","og_site_name":"Forward","article_publisher":"https:\/\/www.facebook.com\/ForwardSi","article_modified_time":"2026-02-22T18:54:03+00:00","og_image":[{"width":1200,"height":628,"url":"https:\/\/www.forward.si\/wp-content\/uploads\/forward-digitaliziramo-turizem-new.jpg","type":"image\/jpeg"}],"twitter_card":"summary_large_image","twitter_misc":{"Procijenjeno vrijeme \u010ditanja":"2 minute"},"schema":{"@context":"https:\/\/schema.org","@graph":[{"@type":"WebPage","@id":"https:\/\/www.forward.si\/hr\/kolacici\/","url":"https:\/\/www.forward.si\/hr\/kolacici\/","name":"Kola\u010di\u0107i - Forward","isPartOf":{"@id":"https:\/\/www.forward.si\/hr\/#website"},"datePublished":"2024-08-13T00:47:38+00:00","dateModified":"2026-02-22T18:54:03+00:00","breadcrumb":{"@id":"https:\/\/www.forward.si\/hr\/kolacici\/#breadcrumb"},"inLanguage":"hr","potentialAction":[{"@type":"ReadAction","target":["https:\/\/www.forward.si\/hr\/kolacici\/"]}]},{"@type":"BreadcrumbList","@id":"https:\/\/www.forward.si\/hr\/kolacici\/#breadcrumb","itemListElement":[{"@type":"ListItem","position":1,"name":"Home","item":"https:\/\/www.forward.si\/hr\/domov-hr\/"},{"@type":"ListItem","position":2,"name":"Kola\u010di\u0107i"}]},{"@type":"WebSite","@id":"https:\/\/www.forward.si\/hr\/#website","url":"https:\/\/www.forward.si\/hr\/","name":"Forward","description":"Digitaliziramo turizem","publisher":{"@id":"https:\/\/www.forward.si\/hr\/#organization"},"potentialAction":[{"@type":"SearchAction","target":{"@type":"EntryPoint","urlTemplate":"https:\/\/www.forward.si\/hr\/?s={search_term_string}"},"query-input":{"@type":"PropertyValueSpecification","valueRequired":true,"valueName":"search_term_string"}}],"inLanguage":"hr"},{"@type":"Organization","@id":"https:\/\/www.forward.si\/hr\/#organization","name":"Forward d.o.o.","alternateName":"Forward d.o.o.","url":"https:\/\/www.forward.si\/hr\/","logo":{"@type":"ImageObject","inLanguage":"hr","@id":"https:\/\/www.forward.si\/hr\/#\/schema\/logo\/image\/","url":"https:\/\/www.forward.si\/wp-content\/uploads\/cropped-Forward-favicon-512-min.png","contentUrl":"https:\/\/www.forward.si\/wp-content\/uploads\/cropped-Forward-favicon-512-min.png","width":512,"height":512,"caption":"Forward d.o.o."},"image":{"@id":"https:\/\/www.forward.si\/hr\/#\/schema\/logo\/image\/"},"sameAs":["https:\/\/www.facebook.com\/ForwardSi","https:\/\/www.instagram.com\/forward.si\/","https:\/\/www.tiktok.com\/@forward.si","https:\/\/www.linkedin.com\/company\/9208570\/"]}]}},"_links":{"self":[{"href":"https:\/\/www.forward.si\/hr\/wp-json\/wp\/v2\/pages\/9310","targetHints":{"allow":["GET"]}}],"collection":[{"href":"https:\/\/www.forward.si\/hr\/wp-json\/wp\/v2\/pages"}],"about":[{"href":"https:\/\/www.forward.si\/hr\/wp-json\/wp\/v2\/types\/page"}],"author":[{"embeddable":true,"href":"https:\/\/www.forward.si\/hr\/wp-json\/wp\/v2\/users\/4"}],"replies":[{"embeddable":true,"href":"https:\/\/www.forward.si\/hr\/wp-json\/wp\/v2\/comments?post=9310"}],"version-history":[{"count":1,"href":"https:\/\/www.forward.si\/hr\/wp-json\/wp\/v2\/pages\/9310\/revisions"}],"predecessor-version":[{"id":9311,"href":"https:\/\/www.forward.si\/hr\/wp-json\/wp\/v2\/pages\/9310\/revisions\/9311"}],"wp:attachment":[{"href":"https:\/\/www.forward.si\/hr\/wp-json\/wp\/v2\/media?parent=9310"}],"curies":[{"name":"wp","href":"https:\/\/api.w.org\/{rel}","templated":true}]}}